{"id":3,"date":"2020-09-01T10:15:00","date_gmt":"2020-09-01T10:15:00","guid":{"rendered":"https:\/\/oristar.pt\/ori\/?page_id=3"},"modified":"2025-09-02T12:47:55","modified_gmt":"2025-09-02T12:47:55","slug":"politica-de-privacidade","status":"publish","type":"page","link":"https:\/\/orimanu.pt\/ori\/politica-de-privacidade\/","title":{"rendered":"Pol\u00edtica de Privacidade"},"content":{"rendered":"\t\t<div data-elementor-type=\"wp-page\" data-elementor-id=\"3\" class=\"elementor elementor-3\">\n\t\t\t\t\t\t<section class=\"elementor-section elementor-top-section elementor-element elementor-element-aabcab6 elementor-section-boxed elementor-section-height-default elementor-section-height-default\" data-id=\"aabcab6\" data-element_type=\"section\" data-e-type=\"section\">\n\t\t\t\t\t\t<div class=\"elementor-container elementor-column-gap-default\">\n\t\t\t\t\t<div class=\"elementor-column elementor-col-100 elementor-top-column elementor-element elementor-element-0b81439\" data-id=\"0b81439\" data-element_type=\"column\" data-e-type=\"column\">\n\t\t\t<div class=\"elementor-widget-wrap elementor-element-populated\">\n\t\t\t\t\t\t<div class=\"elementor-element elementor-element-63171ec elementor-widget elementor-widget-spacer\" data-id=\"63171ec\" data-element_type=\"widget\" data-e-type=\"widget\" data-widget_type=\"spacer.default\">\n\t\t\t\t<div class=\"elementor-widget-container\">\n\t\t\t\t\t\t\t<div class=\"elementor-spacer\">\n\t\t\t<div class=\"elementor-spacer-inner\"><\/div>\n\t\t<\/div>\n\t\t\t\t\t\t<\/div>\n\t\t\t\t<\/div>\n\t\t\t\t\t<\/div>\n\t\t<\/div>\n\t\t\t\t\t<\/div>\n\t\t<\/section>\n\t\t\t\t<section class=\"elementor-section elementor-top-section elementor-element elementor-element-79e1d705 elementor-section-boxed elementor-section-height-default elementor-section-height-default\" data-id=\"79e1d705\" data-element_type=\"section\" data-e-type=\"section\">\n\t\t\t\t\t\t<div class=\"elementor-container elementor-column-gap-default\">\n\t\t\t\t\t<div class=\"elementor-column elementor-col-100 elementor-top-column elementor-element elementor-element-da95c9e\" data-id=\"da95c9e\" data-element_type=\"column\" data-e-type=\"column\">\n\t\t\t<div class=\"elementor-widget-wrap elementor-element-populated\">\n\t\t\t\t\t\t<div class=\"elementor-element elementor-element-79c45410 elementor-widget elementor-widget-text-editor\" data-id=\"79c45410\" data-element_type=\"widget\" data-e-type=\"widget\" data-widget_type=\"text-editor.default\">\n\t\t\t\t<div class=\"elementor-widget-container\">\n\t\t\t\t\t\t\t\t\t<p class=\"p1\">\n<\/p><h1><b>Pol\u00edtica de Privacidade \u2013 oristar.pt<\/b><\/h1>\n<p><\/p>\n<p class=\"p1\">\n<\/p><h2><b>1. Pol\u00edtica de Privacidade<\/b><\/h2>\n<p><\/p>\n<p class=\"p3\">As informa\u00e7\u00f5es e servi\u00e7os ao seu dispor neste site s\u00e3o-lhe proporcionados na forma de livre acesso pela entidade propriet\u00e1ria do <span class=\"s2\"><b>oristar.pt<\/b><\/span>, que assume um compromisso de privacidade.<\/p>\n<p class=\"p1\">\n<\/p><h2><b>2. Confidencialidade<\/b><\/h2>\n<p><\/p>\n<p class=\"p3\">Quaisquer dados pessoais que nos sejam facultados atrav\u00e9s deste site ser\u00e3o apenas usados para concluir o seu pedido de inscri\u00e7\u00e3o e apoio na atividade como Parceiro de Marca Oriflame, seja por e-mail, mensagens SMS e comunica\u00e7\u00f5es via WhatsApp, sendo apenas partilhados com esta entidade.<\/p>\n<p class=\"p3\">Asseguramos aos utilizadores que nenhum dado pessoal ser\u00e1 facultado a outra entidade sem o pr\u00e9vio consentimento do seu titular. Nenhum dos dados pessoais que nos sejam facultados ser\u00e1 cedido, por via gratuita ou comercial, a empresas de marketing.<\/p>\n<p class=\"p1\">\n<\/p><h2><b>3. Banners e blocos publicit\u00e1rios<\/b><\/h2>\n<p><\/p>\n<p class=\"p3\">O <span class=\"s2\"><b>orimanu.pt<\/b><\/span> reserva-se o direito de inserir \u201cbanners\u201d publicit\u00e1rios, permitindo ao utilizador clicar sobre eles e entrar no s\u00edtio da Internet com o qual estabelece liga\u00e7\u00e3o. Todos os \u201cbanners\u201d est\u00e3o aptos a que os utilizadores que a eles recorram permane\u00e7am completamente an\u00f3nimos.<\/p>\n<p class=\"p1\">\n<\/p><h2><b>4. Liga\u00e7\u00f5es a s\u00edtios externos<\/b><\/h2>\n<p><\/p>\n<p class=\"p3\">O <span class=\"s2\"><b>oristar.pt<\/b><\/span> pode conter uma variedade de liga\u00e7\u00f5es para outros sites na Internet, nacionais ou estrangeiros, cujo conte\u00fado n\u00e3o \u00e9 da responsabilidade deste propriet\u00e1rio. O <span class=\"s2\"><b>oristar.pt<\/b><\/span> n\u00e3o se responsabiliza pela pol\u00edtica de seguran\u00e7a e privacidade, forma, conte\u00fado ou pr\u00e1ticas desses mesmos s\u00edtios.<\/p>\n<p class=\"p1\">\n<\/p><h2><b>5. Informa\u00e7\u00f5es adicionais<\/b><\/h2>\n<p><\/p>\n<p class=\"p3\">Todos os visitantes e utilizadores deste site ficam vinculados \u00e0 aceita\u00e7\u00e3o e respeito pelas regras aqui expressas.<\/p>\n<p class=\"p3\">Para qualquer esclarecimento adicional sobre a Pol\u00edtica de Privacidade e Termos de Utiliza\u00e7\u00e3o deste site, envie-nos um email ou utilize o formul\u00e1rio de contacto dispon\u00edvel no <span class=\"s2\"><b>oristar.pt<\/b><\/span>.<\/p>\n<p class=\"p1\">\n<\/p><h2><b>6. Cookies<\/b><\/h2>\n<p><\/p>\n<p class=\"p3\">Os cookies s\u00e3o usados neste website com o objetivo de melhorar a sua experi\u00eancia de utilizador e tendo por finalidade a melhoria do desempenho.<\/p>\n<p class=\"p3\">Um cookie \u00e9 um pequeno ficheiro de texto que um website instala no seu dispositivo quando o visita. O objetivo \u00e9 que durante um per\u00edodo de tempo o website se recorde das suas a\u00e7\u00f5es e prefer\u00eancias, nomeadamente do nome de utilizador, da l\u00edngua escolhida, do tamanho dos carateres e de outras defini\u00e7\u00f5es de visualiza\u00e7\u00e3o, melhorando a sua experi\u00eancia de utilizador.<\/p>\n<p class=\"p4\"><b>Usamos cookies para:<\/b><b><\/b><\/p>\n<p class=\"p1\">\n<\/p><ul>\n<li>\n<p class=\"p1\">Fazer com que o nosso website funcione da forma que espera<\/p>\n<\/li>\n<li>\n<p class=\"p1\">Lembrar as suas defini\u00e7\u00f5es durante e entre visitas<\/p>\n<\/li>\n<li>\n<p class=\"p1\">Oferecer os nossos servi\u00e7os e conte\u00fados gratuitos<\/p>\n<\/li>\n<li>\n<p class=\"p1\">Melhorar a seguran\u00e7a e a velocidade do website<\/p>\n<\/li>\n<li>\n<p class=\"p1\">Permitir que partilhe p\u00e1ginas e conte\u00fado atrav\u00e9s das redes sociais<\/p>\n<\/li>\n<li>\n<p class=\"p1\">Continuar a melhorar o website para si<\/p>\n<\/li>\n<\/ul>\n<p class=\"p4\"><b>N\u00e3o usamos cookies para:<\/b><b><\/b><\/p>\n<p class=\"p1\">\n<\/p><ul>\n<li>\n<p class=\"p1\">Recolher dados de identifica\u00e7\u00e3o pessoal (sem a sua autoriza\u00e7\u00e3o expressa)<\/p>\n<\/li>\n<li>\n<p class=\"p1\">Recolher informa\u00e7\u00e3o sens\u00edvel (sem a sua permiss\u00e3o)<\/p>\n<\/li>\n<li>\n<p class=\"p1\">Passar dados a outras entidades<\/p>\n<\/li>\n<\/ul>\n<p class=\"p3\">Para mais informa\u00e7\u00f5es, consulte <a href=\"https:\/\/www.allaboutcookies.org\/\" target=\"_blank\" rel=\"noopener\">AllAboutCookies.org<\/a>.<\/p>\n<p class=\"p1\">\n<\/p><hr>\n<p><\/p>\n<p><!-- \/wp:heading --><\/p>\t\t\t\t\t\t\t\t<\/div>\n\t\t\t\t<\/div>\n\t\t\t\t\t<\/div>\n\t\t<\/div>\n\t\t\t\t\t<\/div>\n\t\t<\/section>\n\t\t\t\t<\/div>\n\t\t","protected":false},"excerpt":{"rendered":"<p>Pol\u00edtica de Privacidade \u2013 oristar.pt 1. Pol\u00edtica de Privacidade As informa\u00e7\u00f5es e servi\u00e7os ao seu dispor neste site s\u00e3o-lhe proporcionados na forma de livre acesso pela entidade propriet\u00e1ria do oristar.pt, que assume um compromisso de privacidade. 2. Confidencialidade Quaisquer dados pessoais que nos sejam facultados atrav\u00e9s deste site ser\u00e3o apenas usados para concluir o seu [&hellip;]<\/p>\n","protected":false},"author":1,"featured_media":0,"parent":0,"menu_order":0,"comment_status":"closed","ping_status":"open","template":"elementor_header_footer","meta":{"footnotes":""},"class_list":["post-3","page","type-page","status-publish","hentry","entry"],"rttpg_featured_image_url":null,"rttpg_author":{"display_name":"Manuela_Ori","author_link":"https:\/\/orimanu.pt\/ori\/author\/manuela_ori\/"},"rttpg_comment":0,"rttpg_category":null,"rttpg_excerpt":"Pol\u00edtica de Privacidade \u2013 oristar.pt 1. Pol\u00edtica de Privacidade As informa\u00e7\u00f5es e servi\u00e7os ao seu dispor neste site s\u00e3o-lhe proporcionados na forma de livre acesso pela entidade propriet\u00e1ria do oristar.pt, que assume um compromisso de privacidade. 2. Confidencialidade Quaisquer dados pessoais que nos sejam facultados atrav\u00e9s deste site ser\u00e3o apenas usados para concluir o seu&hellip;","_links":{"self":[{"href":"https:\/\/orimanu.pt\/ori\/wp-json\/wp\/v2\/pages\/3","targetHints":{"allow":["GET"]}}],"collection":[{"href":"https:\/\/orimanu.pt\/ori\/wp-json\/wp\/v2\/pages"}],"about":[{"href":"https:\/\/orimanu.pt\/ori\/wp-json\/wp\/v2\/types\/page"}],"author":[{"embeddable":true,"href":"https:\/\/orimanu.pt\/ori\/wp-json\/wp\/v2\/users\/1"}],"replies":[{"embeddable":true,"href":"https:\/\/orimanu.pt\/ori\/wp-json\/wp\/v2\/comments?post=3"}],"version-history":[{"count":10,"href":"https:\/\/orimanu.pt\/ori\/wp-json\/wp\/v2\/pages\/3\/revisions"}],"predecessor-version":[{"id":2411,"href":"https:\/\/orimanu.pt\/ori\/wp-json\/wp\/v2\/pages\/3\/revisions\/2411"}],"wp:attachment":[{"href":"https:\/\/orimanu.pt\/ori\/wp-json\/wp\/v2\/media?parent=3"}],"curies":[{"name":"wp","href":"https:\/\/api.w.org\/{rel}","templated":true}]}}