{"id":2420,"date":"2025-09-04T18:06:56","date_gmt":"2025-09-04T18:06:56","guid":{"rendered":"https:\/\/orimanu.pt\/ori\/?page_id=2420"},"modified":"2025-09-12T17:35:08","modified_gmt":"2025-09-12T17:35:08","slug":"blog","status":"publish","type":"page","link":"https:\/\/orimanu.pt\/ori\/blog\/","title":{"rendered":"Blog"},"content":{"rendered":"\t\t<div data-elementor-type=\"wp-page\" data-elementor-id=\"2420\" class=\"elementor elementor-2420\">\n\t\t\t\t\t\t<section class=\"elementor-section elementor-top-section elementor-element elementor-element-98d0981 elementor-section-boxed elementor-section-height-default elementor-section-height-default\" data-id=\"98d0981\" data-element_type=\"section\" data-e-type=\"section\">\n\t\t\t\t\t\t<div class=\"elementor-container elementor-column-gap-default\">\n\t\t\t\t\t<div class=\"elementor-column elementor-col-100 elementor-top-column elementor-element elementor-element-76bf080\" data-id=\"76bf080\" data-element_type=\"column\" data-e-type=\"column\">\n\t\t\t<div class=\"elementor-widget-wrap elementor-element-populated\">\n\t\t\t\t\t\t<div class=\"elementor-element elementor-element-81d43e8 elementor-widget elementor-widget-spacer\" data-id=\"81d43e8\" data-element_type=\"widget\" data-e-type=\"widget\" data-widget_type=\"spacer.default\">\n\t\t\t\t<div class=\"elementor-widget-container\">\n\t\t\t\t\t\t\t<div class=\"elementor-spacer\">\n\t\t\t<div class=\"elementor-spacer-inner\"><\/div>\n\t\t<\/div>\n\t\t\t\t\t\t<\/div>\n\t\t\t\t<\/div>\n\t\t\t\t\t<\/div>\n\t\t<\/div>\n\t\t\t\t\t<\/div>\n\t\t<\/section>\n\t\t\t\t<section class=\"elementor-section elementor-top-section elementor-element elementor-element-06433ec elementor-section-boxed elementor-section-height-default elementor-section-height-default\" data-id=\"06433ec\" data-element_type=\"section\" data-e-type=\"section\">\n\t\t\t\t\t\t<div class=\"elementor-container elementor-column-gap-default\">\n\t\t\t\t\t<div class=\"elementor-column elementor-col-100 elementor-top-column elementor-element elementor-element-a61741f\" data-id=\"a61741f\" data-element_type=\"column\" data-e-type=\"column\">\n\t\t\t<div class=\"elementor-widget-wrap elementor-element-populated\">\n\t\t\t\t\t\t<div class=\"elementor-element elementor-element-28d6413 elementor-widget elementor-widget-ucaddon_simple_popup\" data-id=\"28d6413\" data-element_type=\"widget\" data-e-type=\"widget\" data-widget_type=\"ucaddon_simple_popup.default\">\n\t\t\t\t<div class=\"elementor-widget-container\">\n\t\t\t\t\t\n<!-- start Simple Popup -->\n\t\t<link id='font-awesome-css' href='https:\/\/orimanu.pt\/ori\/wp-content\/plugins\/unlimited-elements-for-elementor\/assets_libraries\/font-awesome6\/fontawesome-all.min.css' type='text\/css' rel='stylesheet' >\n\t\t<link id='font-awesome-4-shim-css' href='https:\/\/orimanu.pt\/ori\/wp-content\/plugins\/unlimited-elements-for-elementor\/assets_libraries\/font-awesome6\/fontawesome-v4-shims.min.css' type='text\/css' rel='stylesheet' >\n\n<style>\/* widget: Simple Popup *\/\n\n  body.uc-active{\n    overflow-y: hidden;\n  }\n\t\n\n\t\n\n\t\n\n#uc_simple_popup_elementor_28d6413 .ue-simple-popup-inner{\n  position: relative;\n}\n\n#uc_simple_popup_elementor_28d6413 .ue-simple-popup-wrapper{\n \toverflow-y:auto;\n  \tmax-height: 100vh;\n}\n\n#uc_simple_popup_elementor_28d6413 .uc-editor-message.uc-error{\n  padding:10px;\n  font-size:14px;\n  color: red;\n}\n\n#uc_simple_popup_elementor_28d6413 .ue-simple-popup-btn\n{\n  display:flex;\n  align-items:center;\n}\n\n#uc_simple_popup_elementor_28d6413 .ue-simple-popup-btn-icon\n{\n  line-height:1em;\n}\n\n#uc_simple_popup_elementor_28d6413 .ue-simple-popup-btn-icon svg\n{\n  height:1em;\n  width:1em;\n}\n\n\n\t\n\n#:not(#uc_simple_popup_elementor_28d6413 #){\n\tdisplay: none;\n}\n\t\n\n#uc_simple_popup_elementor_28d6413 .ue-simple-popup-overlay{\n  position: fixed;\n  top:0;\n  bottom:0;\n  right:0;\n  left:0;\n  width:100%;\n  z-index:100;\n  display:flex;\n  opacity: 0;\n  pointer-events: none;\n}\n\n#uc_simple_popup_elementor_28d6413 .ue-simple-popup-overlay.uc-active{\n  opacity: 1;\n  pointer-events: all;\n}\n\n#uc_simple_popup_elementor_28d6413 .ue-simple-popup-close{\n  position:absolute;\n  line-height:1em;\n  cursor:pointer;\n  display:flex;\n  align-items:center;\n  justify-content:center;\n  z-index:1000;\n  right: 10px;\n  top: 10px;\n}\n\n#uc_simple_popup_elementor_28d6413 .ue-simple-popup-close:focus{\n  outline: 2px solid black;\n}\n\n#uc_simple_popup_elementor_28d6413 .ue-simple-popup-trigger{\n  cursor: pointer;\n  display: inline-block;\n}\n\n#uc_simple_popup_elementor_28d6413 .ue-simple-popup-trigger:focus{\n  outline: 2px solid black;\n}\n\n@media screen and (max-width: 1024px) {\n  #uc_simple_popup_elementor_28d6413 .ue-simple-popup-close{\n    right: px;\n    top: px;\n  }\n}\n\n@media screen and (max-width: 767px) {\n  #uc_simple_popup_elementor_28d6413 .ue-simple-popup-close{\n    right: px;\n    top: px;\n  }\n}\n\n\n\n<\/style>\n\n<div id=\"uc_simple_popup_elementor_28d6413\" \n     class=\"ue-simple-popup\" \n     data-editor=\"no\" \n     data-source=\"template\" \n     data-element-id=\"\" \n     data-show-errors=\"true\" \n     data-hide-connected-elements=\"false\" \n     data-trigger-type=\"load \" \n     data-load-delay=\"5\" \n     data-scroll-amount=\"50\" \n     data-scroll-direction=\"down\" \n     data-popup-hash=\"\"\n     data-cookie=\"false\" \n     data-cookie-days=\"0\" \n     data-cookie-hours=\"0\" \n     data-cookie-minutes=\"60\" \n     data-cookie-seconds=\"60\" \n     data-responsive-mode=\"false\"\n     data-responsive-breakpoint=\"768\"\n     >\n \t\n\n  <div class=\"ue-simple-popup-trigger-wrapper\">\n  <a class=\"ue-simple-popup-trigger\" tabindex=\"0\">\n    <div class=\"ue-simple-popup-btn\">\n      <div class=\"ue-simple-popup-btn-txt\"><\/div>\n          <\/div>\n  <\/a>\n  <\/div>\n    \n  <div class=\"ue-simple-popup-overlay\">\n    \n    <div class=\"ue-simple-popup-inner\">\n    \t<div class=\"ue-simple-popup-close\" tabindex=\"0\"><i class='fas fa-times'><\/i><\/div>\n      \t<div class=\"ue-simple-popup-wrapper\" data-debug=\"false\">\n          \n                    \n                      <div class=\"ue-simple-popup-template\">\t\t<div data-elementor-type=\"section\" data-elementor-id=\"2554\" class=\"elementor elementor-2554\">\n\t\t\t\t\t\t<section class=\"elementor-section elementor-top-section elementor-element elementor-element-ab7652e elementor-section-content-middle elementor-section-height-min-height elementor-hidden-desktop elementor-section-boxed elementor-section-height-default elementor-section-items-middle\" data-id=\"ab7652e\" data-element_type=\"section\" data-e-type=\"section\" data-settings=\"{&quot;background_background&quot;:&quot;classic&quot;}\">\n\t\t\t\t\t\t<div class=\"elementor-container elementor-column-gap-no\">\n\t\t\t\t\t<div class=\"elementor-column elementor-col-100 elementor-top-column elementor-element elementor-element-4e2b89f\" data-id=\"4e2b89f\" data-element_type=\"column\" data-e-type=\"column\">\n\t\t\t<div class=\"elementor-widget-wrap elementor-element-populated\">\n\t\t\t\t\t\t<div class=\"elementor-element elementor-element-1827b53 elementor-widget elementor-widget-spacer\" data-id=\"1827b53\" data-element_type=\"widget\" data-e-type=\"widget\" data-widget_type=\"spacer.default\">\n\t\t\t\t<div class=\"elementor-widget-container\">\n\t\t\t\t\t\t\t<div class=\"elementor-spacer\">\n\t\t\t<div class=\"elementor-spacer-inner\"><\/div>\n\t\t<\/div>\n\t\t\t\t\t\t<\/div>\n\t\t\t\t<\/div>\n\t\t\t\t<div class=\"elementor-element elementor-element-cc9418d elementor-widget elementor-widget-heading\" data-id=\"cc9418d\" data-element_type=\"widget\" data-e-type=\"widget\" data-widget_type=\"heading.default\">\n\t\t\t\t<div class=\"elementor-widget-container\">\n\t\t\t\t\t<h2 class=\"elementor-heading-title elementor-size-default\">10\u20ac de desconto<div> extra na primeira encomenda<\/div><\/h2>\t\t\t\t<\/div>\n\t\t\t\t<\/div>\n\t\t\t\t<div class=\"elementor-element elementor-element-8b8e576 elementor-widget elementor-widget-text-editor\" data-id=\"8b8e576\" data-element_type=\"widget\" data-e-type=\"widget\" data-widget_type=\"text-editor.default\">\n\t\t\t\t<div class=\"elementor-widget-container\">\n\t\t\t\t\t\t\t\t\t<p>Exclusivo atrav\u00e9s da pagina Orimanu.<\/p>\t\t\t\t\t\t\t\t<\/div>\n\t\t\t\t<\/div>\n\t\t\t\t<div class=\"elementor-element elementor-element-66e20c4 elementor-align-center elementor-widget elementor-widget-button\" data-id=\"66e20c4\" data-element_type=\"widget\" data-e-type=\"widget\" data-widget_type=\"button.default\">\n\t\t\t\t<div class=\"elementor-widget-container\">\n\t\t\t\t\t\t\t\t\t<div class=\"elementor-button-wrapper\">\n\t\t\t\t\t<a class=\"elementor-button elementor-button-link elementor-size-sm\" href=\"https:\/\/shop.oriflame.com\/PT-manuela123\/TUNAZplW\" target=\"_blank\" rel=\"noopener\">\n\t\t\t\t\t\t<span class=\"elementor-button-content-wrapper\">\n\t\t\t\t\t\t\t\t\t<span class=\"elementor-button-text\">Clique aqui<\/span>\n\t\t\t\t\t<\/span>\n\t\t\t\t\t<\/a>\n\t\t\t\t<\/div>\n\t\t\t\t\t\t\t\t<\/div>\n\t\t\t\t<\/div>\n\t\t\t\t<div class=\"elementor-element elementor-element-cb66c34 elementor-widget elementor-widget-spacer\" data-id=\"cb66c34\" data-element_type=\"widget\" data-e-type=\"widget\" data-widget_type=\"spacer.default\">\n\t\t\t\t<div class=\"elementor-widget-container\">\n\t\t\t\t\t\t\t<div class=\"elementor-spacer\">\n\t\t\t<div class=\"elementor-spacer-inner\"><\/div>\n\t\t<\/div>\n\t\t\t\t\t\t<\/div>\n\t\t\t\t<\/div>\n\t\t\t\t\t<\/div>\n\t\t<\/div>\n\t\t\t\t\t<\/div>\n\t\t<\/section>\n\t\t\t\t<\/div>\n\t\t<\/div>\n                <\/div> \n    <\/div> \n    \n  <\/div>\n  \n<\/div>\n<!-- end Simple Popup -->\t\t\t\t<\/div>\n\t\t\t\t<\/div>\n\t\t\t\t<div class=\"elementor-element elementor-element-4a78ecd elementor-widget elementor-widget-heading\" data-id=\"4a78ecd\" data-element_type=\"widget\" data-e-type=\"widget\" data-widget_type=\"heading.default\">\n\t\t\t\t<div class=\"elementor-widget-container\">\n\t\t\t\t\t<h2 class=\"elementor-heading-title elementor-size-default\">AS NOVIDADES DA ORIMANU<\/h2>\t\t\t\t<\/div>\n\t\t\t\t<\/div>\n\t\t\t\t<div class=\"elementor-element elementor-element-04fc9df elementor-widget elementor-widget-spacer\" data-id=\"04fc9df\" data-element_type=\"widget\" data-e-type=\"widget\" data-widget_type=\"spacer.default\">\n\t\t\t\t<div class=\"elementor-widget-container\">\n\t\t\t\t\t\t\t<div class=\"elementor-spacer\">\n\t\t\t<div class=\"elementor-spacer-inner\"><\/div>\n\t\t<\/div>\n\t\t\t\t\t\t<\/div>\n\t\t\t\t<\/div>\n\t\t\t\t<div class=\"elementor-element elementor-element-ea5b912 elementor-widget elementor-widget-text-editor\" data-id=\"ea5b912\" data-element_type=\"widget\" data-e-type=\"widget\" data-widget_type=\"text-editor.default\">\n\t\t\t\t<div class=\"elementor-widget-container\">\n\t\t\t\t\t\t\t\t\t<p class=\"p1\" style=\"text-align: center;\">Inspira-te com dicas de beleza, bem-estar e lifestyle! No nosso blog encontras novidades, truques pr\u00e1ticos e conte\u00fados pensados para ti.<\/p>\t\t\t\t\t\t\t\t<\/div>\n\t\t\t\t<\/div>\n\t\t\t\t<div class=\"elementor-element elementor-element-240a877 elementor-widget elementor-widget-spacer\" data-id=\"240a877\" data-element_type=\"widget\" data-e-type=\"widget\" data-widget_type=\"spacer.default\">\n\t\t\t\t<div class=\"elementor-widget-container\">\n\t\t\t\t\t\t\t<div class=\"elementor-spacer\">\n\t\t\t<div class=\"elementor-spacer-inner\"><\/div>\n\t\t<\/div>\n\t\t\t\t\t\t<\/div>\n\t\t\t\t<\/div>\n\t\t\t\t<div class=\"elementor-element elementor-element-fb1cdfd tpg-wrapper-align-center img_hover_animation_img_zoom_in meta-visibility-show title_position_default title_hover_border_default title-default meta_position_default readmore-btn-default-style grid-hover-overlay-type-always tpg-el-box-border-enable tpg-border-bottom-disable elementor-widget elementor-widget-tpg-grid-layout\" data-id=\"fb1cdfd\" data-element_type=\"widget\" data-e-type=\"widget\" data-widget_type=\"tpg-grid-layout.default\">\n\t\t\t\t<div class=\"elementor-widget-container\">\n\t\t\t\t\t\t\t<div class=\"rt-container-fluid rt-tpg-container tpg-el-main-wrapper clearfix grid-layout1-main  has-external-link\"\n\t\t\t id=\"rt-tpg-container-968557095\"\n\t\t\t data-layout=\"grid-layout1\"\n\t\t\t data-grid-style=\"tpg-full-height\"\n\t\t\t data-sc-id=\"elementor\"\n\t\t\t data-el-settings=''\n\t\t\t data-el-query=''\n\t\t\t data-el-path=''\n\t\t>\n\t\t\t\t\t\t<div class='tpg-header-wrapper '>\n\t\t\t\t\t\t\t<\/div>\n\n\t\t\t<div data-title=\"Loading ...\" class=\"rt-row rt-content-loader grid-layout1 grid-behaviour tpg-full-height grid_layout_wrapper\">\n\t\t\t\t<div class=\"rt-col-md-4 rt-col-sm-6 rt-col-xs-12 img_zoom_in rt-grid-item post-2654 post type-post status-publish format-standard has-post-thumbnail hentry category-novidades-oriflame entry has-media\"\t\tdata-id=\"2654\">\n\t<div class=\"rt-holder tpg-post-holder \">\n\t\t<div class=\"rt-detail rt-el-content-wrapper\">\n\t\t\t\t\t\t\t<div class=\"rt-img-holder tpg-el-image-wrap has-thumbnail\">\n\t\t\t\t\t<a data-id=\"2654\" href=\"https:\/\/orimanu.pt\/ori\/creme-de-maos-e-corpo-nutritivo-milk-honey-gold\/\" class=\"tpg-post-link\" target=\"_self\"><img class='rt-img-responsive' src='http:\/\/orimanu.pt\/ori\/wp-content\/uploads\/2025\/09\/milk-and-honey-creme-de-maos-oriflame-orimanu.webp' alt='Creme de M\u00e3os e Corpo Nutritivo Milk &amp; Honey Gold'>\t\t\n\t\t<\/a>\n\t\t        <div class=\"overlay grid-hover-content\"><\/div>\n\t\t\t\t\t\t<\/div>\n\t\t\t\n\t\t\t<div class=\"entry-title-wrapper\"><h3 class=\"entry-title\"><a data-id=\"2654\" href=\"https:\/\/orimanu.pt\/ori\/creme-de-maos-e-corpo-nutritivo-milk-honey-gold\/\" class=\"tpg-post-link\" target=\"_self\">Creme de M\u00e3os e Corpo Nutritivo Milk &amp; Honey Gold<\/a><\/h3><\/div>\n\t\t\t\t\t\t\t<div class=\"post-meta-tags rt-el-post-meta\">\n\t\t\t\t\t            <span class='date'>\n\t\t\t\t<i class='flaticon-calendar '><\/i>\t\t\t\t                    <a href=\"https:\/\/orimanu.pt\/ori\/2025\/09\/12\/\">\n\t\t\t\t\tSetembro 12, 2025\t\t\t\t<\/a>\n\t\t\t\t\t\t\t<\/span>\n\t\t\t\t\t\t\t<\/div>\n\t\t\t\n\n\t\t\t\t\t\t\t<div class=\"tpg-excerpt tpg-el-excerpt\">\n\t\t\t\t\t\t\t\t\t\t\t<div class=\"tpg-excerpt-inner\">\n\t\t\t\t\t\t\t10\u20ac de desconto extra na primeira encomenda Exclusivo atrav\u00e9s da pagina Orimanu. Clique aqui 10\u20ac de...\t\t\t\t\t\t<\/div>\n\t\t\t\t\t\t\t\t\t\t\t\t\t\t<\/div>\n\t\t\t\n\t\t\t        <div class=\"post-footer\">\n            <div class=\"post-footer\">\n                <div class=\"read-more\">\n\t\t\t\t\t<a data-id=\"2654\" href=\"https:\/\/orimanu.pt\/ori\/creme-de-maos-e-corpo-nutritivo-milk-honey-gold\/\" class=\"tpg-post-link\" target=\"_self\">LER MAIS<\/a>                <\/div>\n            <\/div>\n        <\/div>\n\t\t\t\t<\/div>\n\t<\/div>\n<\/div>\n<div class=\"rt-col-md-4 rt-col-sm-6 rt-col-xs-12 img_zoom_in rt-grid-item post-2612 post type-post status-publish format-standard has-post-thumbnail hentry category-novidades-oriflame entry has-media\"\t\tdata-id=\"2612\">\n\t<div class=\"rt-holder tpg-post-holder \">\n\t\t<div class=\"rt-detail rt-el-content-wrapper\">\n\t\t\t\t\t\t\t<div class=\"rt-img-holder tpg-el-image-wrap has-thumbnail\">\n\t\t\t\t\t<a data-id=\"2612\" href=\"https:\/\/orimanu.pt\/ori\/eyeliner-high-impact-the-one\/\" class=\"tpg-post-link\" target=\"_self\"><img fetchpriority=\"high\" class='rt-img-responsive' src='https:\/\/orimanu.pt\/ori\/wp-content\/uploads\/2025\/09\/3.webp' width=\"1000\" height=\"1000\" alt='Eyeliner High Impact THE ONE'>\t\t\n\t\t<\/a>\n\t\t        <div class=\"overlay grid-hover-content\"><\/div>\n\t\t\t\t\t\t<\/div>\n\t\t\t\n\t\t\t<div class=\"entry-title-wrapper\"><h3 class=\"entry-title\"><a data-id=\"2612\" href=\"https:\/\/orimanu.pt\/ori\/eyeliner-high-impact-the-one\/\" class=\"tpg-post-link\" target=\"_self\">Eyeliner High Impact THE ONE<\/a><\/h3><\/div>\n\t\t\t\t\t\t\t<div class=\"post-meta-tags rt-el-post-meta\">\n\t\t\t\t\t            <span class='date'>\n\t\t\t\t<i class='flaticon-calendar '><\/i>\t\t\t\t                    <a href=\"https:\/\/orimanu.pt\/ori\/2025\/09\/12\/\">\n\t\t\t\t\tSetembro 12, 2025\t\t\t\t<\/a>\n\t\t\t\t\t\t\t<\/span>\n\t\t\t\t\t\t\t<\/div>\n\t\t\t\n\n\t\t\t\t\t\t\t<div class=\"tpg-excerpt tpg-el-excerpt\">\n\t\t\t\t\t\t\t\t\t\t\t<div class=\"tpg-excerpt-inner\">\n\t\t\t\t\t\t\tEyeliner de elevado impacto que roda e desliza suavemente, e \u00e9 de longa dura\u00e7\u00e3o. Dispon\u00edvel em cinco...\t\t\t\t\t\t<\/div>\n\t\t\t\t\t\t\t\t\t\t\t\t\t\t<\/div>\n\t\t\t\n\t\t\t        <div class=\"post-footer\">\n            <div class=\"post-footer\">\n                <div class=\"read-more\">\n\t\t\t\t\t<a data-id=\"2612\" href=\"https:\/\/orimanu.pt\/ori\/eyeliner-high-impact-the-one\/\" class=\"tpg-post-link\" target=\"_self\">LER MAIS<\/a>                <\/div>\n            <\/div>\n        <\/div>\n\t\t\t\t<\/div>\n\t<\/div>\n<\/div>\n<div class=\"rt-col-md-4 rt-col-sm-6 rt-col-xs-12 img_zoom_in rt-grid-item post-2433 post type-post status-publish format-standard has-post-thumbnail hentry category-novidades-oriflame entry has-media\"\t\tdata-id=\"2433\">\n\t<div class=\"rt-holder tpg-post-holder \">\n\t\t<div class=\"rt-detail rt-el-content-wrapper\">\n\t\t\t\t\t\t\t<div class=\"rt-img-holder tpg-el-image-wrap has-thumbnail\">\n\t\t\t\t\t<a data-id=\"2433\" href=\"https:\/\/orimanu.pt\/ori\/caneta-batom-stain-stay-the-one\/\" class=\"tpg-post-link\" target=\"_self\"><img class='rt-img-responsive' src='https:\/\/orimanu.pt\/ori\/wp-content\/uploads\/2025\/09\/stayone-oriflame-orimanu.webp' width=\"1000\" height=\"1000\" alt='Caneta-Batom Stain &amp; Stay THE ONE'>\t\t\n\t\t<\/a>\n\t\t        <div class=\"overlay grid-hover-content\"><\/div>\n\t\t\t\t\t\t<\/div>\n\t\t\t\n\t\t\t<div class=\"entry-title-wrapper\"><h3 class=\"entry-title\"><a data-id=\"2433\" href=\"https:\/\/orimanu.pt\/ori\/caneta-batom-stain-stay-the-one\/\" class=\"tpg-post-link\" target=\"_self\">Caneta-Batom Stain &amp; Stay THE ONE<\/a><\/h3><\/div>\n\t\t\t\t\t\t\t<div class=\"post-meta-tags rt-el-post-meta\">\n\t\t\t\t\t            <span class='date'>\n\t\t\t\t<i class='flaticon-calendar '><\/i>\t\t\t\t                    <a href=\"https:\/\/orimanu.pt\/ori\/2025\/09\/04\/\">\n\t\t\t\t\tSetembro 4, 2025\t\t\t\t<\/a>\n\t\t\t\t\t\t\t<\/span>\n\t\t\t\t\t\t\t<\/div>\n\t\t\t\n\n\t\t\t\t\t\t\t<div class=\"tpg-excerpt tpg-el-excerpt\">\n\t\t\t\t\t\t\t\t\t\t\t<div class=\"tpg-excerpt-inner\">\n\t\t\t\t\t\t\tSe h\u00e1 algo que todas procuramos num batom \u00e9&nbsp;cor bonita e duradoura, sem termos de estar sempre...\t\t\t\t\t\t<\/div>\n\t\t\t\t\t\t\t\t\t\t\t\t\t\t<\/div>\n\t\t\t\n\t\t\t        <div class=\"post-footer\">\n            <div class=\"post-footer\">\n                <div class=\"read-more\">\n\t\t\t\t\t<a data-id=\"2433\" href=\"https:\/\/orimanu.pt\/ori\/caneta-batom-stain-stay-the-one\/\" class=\"tpg-post-link\" target=\"_self\">LER MAIS<\/a>                <\/div>\n            <\/div>\n        <\/div>\n\t\t\t\t<\/div>\n\t<\/div>\n<\/div>\n\t\t\t<\/div>\n\t\t\t\n\t\t<\/div>\n\t\t\t\t\t\t<\/div>\n\t\t\t\t<\/div>\n\t\t\t\t<div class=\"elementor-element elementor-element-0f20a83 elementor-widget elementor-widget-spacer\" data-id=\"0f20a83\" data-element_type=\"widget\" data-e-type=\"widget\" data-widget_type=\"spacer.default\">\n\t\t\t\t<div class=\"elementor-widget-container\">\n\t\t\t\t\t\t\t<div class=\"elementor-spacer\">\n\t\t\t<div class=\"elementor-spacer-inner\"><\/div>\n\t\t<\/div>\n\t\t\t\t\t\t<\/div>\n\t\t\t\t<\/div>\n\t\t\t\t\t<\/div>\n\t\t<\/div>\n\t\t\t\t\t<\/div>\n\t\t<\/section>\n\t\t\t\t<\/div>\n\t\t","protected":false},"excerpt":{"rendered":"<p>10\u20ac de desconto extra na primeira encomenda Exclusivo atrav\u00e9s da pagina Orimanu. Clique aqui AS NOVIDADES DA ORIMANU Inspira-te com dicas de beleza, bem-estar e lifestyle! No nosso blog encontras novidades, truques pr\u00e1ticos e conte\u00fados pensados para ti. Creme de M\u00e3os e Corpo Nutritivo Milk &amp; Honey Gold Setembro 12, 2025 10\u20ac de desconto extra [&hellip;]<\/p>\n","protected":false},"author":2,"featured_media":0,"parent":0,"menu_order":0,"comment_status":"closed","ping_status":"closed","template":"","meta":{"footnotes":""},"class_list":["post-2420","page","type-page","status-publish","hentry","entry","has-media"],"rttpg_featured_image_url":null,"rttpg_author":{"display_name":"Manuela_C","author_link":"https:\/\/orimanu.pt\/ori\/author\/manuela_c\/"},"rttpg_comment":0,"rttpg_category":"","rttpg_excerpt":"10\u20ac de desconto extra na primeira encomenda Exclusivo atrav\u00e9s da pagina Orimanu. Clique aqui AS NOVIDADES DA ORIMANU Inspira-te com dicas de beleza, bem-estar e lifestyle! No nosso blog encontras novidades, truques pr\u00e1ticos e conte\u00fados pensados para ti. Creme de M\u00e3os e Corpo Nutritivo Milk &amp; Honey Gold Setembro 12, 2025 10\u20ac de desconto extra&hellip;","_links":{"self":[{"href":"https:\/\/orimanu.pt\/ori\/wp-json\/wp\/v2\/pages\/2420","targetHints":{"allow":["GET"]}}],"collection":[{"href":"https:\/\/orimanu.pt\/ori\/wp-json\/wp\/v2\/pages"}],"about":[{"href":"https:\/\/orimanu.pt\/ori\/wp-json\/wp\/v2\/types\/page"}],"author":[{"embeddable":true,"href":"https:\/\/orimanu.pt\/ori\/wp-json\/wp\/v2\/users\/2"}],"replies":[{"embeddable":true,"href":"https:\/\/orimanu.pt\/ori\/wp-json\/wp\/v2\/comments?post=2420"}],"version-history":[{"count":22,"href":"https:\/\/orimanu.pt\/ori\/wp-json\/wp\/v2\/pages\/2420\/revisions"}],"predecessor-version":[{"id":2793,"href":"https:\/\/orimanu.pt\/ori\/wp-json\/wp\/v2\/pages\/2420\/revisions\/2793"}],"wp:attachment":[{"href":"https:\/\/orimanu.pt\/ori\/wp-json\/wp\/v2\/media?parent=2420"}],"curies":[{"name":"wp","href":"https:\/\/api.w.org\/{rel}","templated":true}]}}